{"id":569,"date":"2024-11-09T12:56:37","date_gmt":"2024-11-09T03:56:37","guid":{"rendered":"https:\/\/mizu-trip.com\/?page_id=569"},"modified":"2025-02-04T08:44:03","modified_gmt":"2025-02-03T23:44:03","slug":"company-profile","status":"publish","type":"page","link":"https:\/\/mizu-trip.com\/en\/company-profile\/","title":{"rendered":"Company Overview"},"content":{"rendered":"\n<div class=\"wp-block-snow-monkey-blocks-section smb-section smb-section--fit\" style=\"padding-top:var(--wp--preset--spacing--30);padding-bottom:var(--wp--preset--spacing--30);--smb-section--color:#000000;--smb-section--fixed-background-color:var(u002du002d_color-white)\"><div class=\"smb-section__fixed-background\"><\/div><div class=\"smb-section__inner\"><div class=\"c-container c-container--no-padding\"><div class=\"smb-section__contents-wrapper\"><div class=\"smb-section__body is-layout-constrained wp-block-snow-monkey-blocks-section-is-layout-constrained\">\n<div class=\"wp-block-snow-monkey-blocks-information smb-information smb-information--has-border\" style=\"--smb-information--column-padding:var(--smb-information--column-padding-m);--smb-information--border-color:var(--_lighter-color-gray);--smb-information--border-width:1px\" data-label-align=\"left\" data-label-vertical-align=\"top\"><div class=\"smb-information__body\">\n<div class=\"wp-block-snow-monkey-blocks-information-item smb-information__item\"><div class=\"c-row\"><div class=\"c-row__col c-row__col--1-1 c-row__col--md-1-3\"><div class=\"smb-information__item__label\">Company Name<\/div><\/div><div class=\"c-row__col c-row__col--1-1 c-row__col--md-2-3\"><div class=\"smb-information__item__body is-layout-constrained wp-block-snow-monkey-blocks-information-item-is-layout-constrained\">\n<p>Mizu Co., Ltd<\/p>\n<\/div><\/div><\/div><\/div>\n\n\n\n<div class=\"wp-block-snow-monkey-blocks-information-item smb-information__item\"><div class=\"c-row\"><div class=\"c-row__col c-row__col--1-1 c-row__col--md-1-3\"><div class=\"smb-information__item__label\">Chairman &amp; CEO<\/div><\/div><div class=\"c-row__col c-row__col--1-1 c-row__col--md-2-3\"><div class=\"smb-information__item__body is-layout-constrained wp-block-snow-monkey-blocks-information-item-is-layout-constrained\">\n<p>Yoshihiro Hamuro<\/p>\n<\/div><\/div><\/div><\/div>\n\n\n\n<div class=\"wp-block-snow-monkey-blocks-information-item smb-information__item\"><div class=\"c-row\"><div class=\"c-row__col c-row__col--1-1 c-row__col--md-1-3\"><div class=\"smb-information__item__label\">President &amp; CEO<\/div><\/div><div class=\"c-row__col c-row__col--1-1 c-row__col--md-2-3\"><div class=\"smb-information__item__body is-layout-constrained wp-block-snow-monkey-blocks-information-item-is-layout-constrained\">\n<p>Etsuko Matsuo<\/p>\n<\/div><\/div><\/div><\/div>\n\n\n\n<div class=\"wp-block-snow-monkey-blocks-information-item smb-information__item\"><div class=\"c-row\"><div class=\"c-row__col c-row__col--1-1 c-row__col--md-1-3\"><div class=\"smb-information__item__label\">Headquarters<\/div><\/div><div class=\"c-row__col c-row__col--1-1 c-row__col--md-2-3\"><div class=\"smb-information__item__body is-layout-constrained wp-block-snow-monkey-blocks-information-item-is-layout-constrained\">\n<div class=\"wp-block-group is-layout-constrained wp-container-core-group-is-layout-e0082cf6 wp-block-group-is-layout-constrained\">\n<p>254-5 agarukikuyacho ,Nishi-t\u014dnin-d\u014dri, Kamich\u014dja-machi, Kamigy\u014d-ku, Kyoto City, Kyoto Prefecture, Japan<\/p>\n<\/div>\n<\/div><\/div><\/div><\/div>\n\n\n\n<div class=\"wp-block-snow-monkey-blocks-information-item smb-information__item\"><div class=\"c-row\"><div class=\"c-row__col c-row__col--1-1 c-row__col--md-1-3\"><div class=\"smb-information__item__label\">Business Activities<\/div><\/div><div class=\"c-row__col c-row__col--1-1 c-row__col--md-2-3\"><div class=\"smb-information__item__body is-layout-constrained wp-block-snow-monkey-blocks-information-item-is-layout-constrained\">\n<p>Travel Services<\/p>\n<\/div><\/div><\/div><\/div>\n\n\n\n<div class=\"wp-block-snow-monkey-blocks-information-item smb-information__item\"><div class=\"c-row\"><div class=\"c-row__col c-row__col--1-1 c-row__col--md-1-3\"><div class=\"smb-information__item__label\">Registration License<\/div><\/div><div class=\"c-row__col c-row__col--1-1 c-row__col--md-2-3\"><div class=\"smb-information__item__body is-layout-constrained wp-block-snow-monkey-blocks-information-item-is-layout-constrained\">\n<p>Travel Agency Registration No. 2-893, Kyoto Prefecture Governor<\/p>\n<\/div><\/div><\/div><\/div>\n\n\n\n<div class=\"wp-block-snow-monkey-blocks-information-item smb-information__item\"><div class=\"c-row\"><div class=\"c-row__col c-row__col--1-1 c-row__col--md-1-3\"><div class=\"smb-information__item__label\">Contact Information<\/div><\/div><div class=\"c-row__col c-row__col--1-1 c-row__col--md-2-3\"><div class=\"smb-information__item__body is-layout-constrained wp-block-snow-monkey-blocks-information-item-is-layout-constrained\">\n<p>contact@mizu-trip.com<\/p>\n<\/div><\/div><\/div><\/div>\n<\/div><\/div>\n<\/div><\/div><\/div><\/div><\/div>\n","protected":false},"excerpt":{"rendered":"","protected":false},"author":1,"featured_media":0,"parent":0,"menu_order":0,"comment_status":"closed","ping_status":"closed","template":"page-templates\/one-column-slim.php","meta":{"_locale":"en_US","_original_post":"https:\/\/mizu-trip.com\/?page_id=221","footnotes":"","wp-seo-meta-description":"A dedicated concierge will propose the highest quality tour plans in Japan.\u00a0https:\/\/mizu-trip.com\/","wp-seo-meta-robots":[]},"class_list":{"0":"post-569","1":"page","2":"type-page","3":"status-publish","5":"en-US","6":"c-entry"},"_links":{"self":[{"href":"https:\/\/mizu-trip.com\/wp-json\/wp\/v2\/pages\/569","targetHints":{"allow":["GET"]}}],"collection":[{"href":"https:\/\/mizu-trip.com\/wp-json\/wp\/v2\/pages"}],"about":[{"href":"https:\/\/mizu-trip.com\/wp-json\/wp\/v2\/types\/page"}],"author":[{"embeddable":true,"href":"https:\/\/mizu-trip.com\/wp-json\/wp\/v2\/users\/1"}],"replies":[{"embeddable":true,"href":"https:\/\/mizu-trip.com\/wp-json\/wp\/v2\/comments?post=569"}],"version-history":[{"count":7,"href":"https:\/\/mizu-trip.com\/wp-json\/wp\/v2\/pages\/569\/revisions"}],"predecessor-version":[{"id":3393,"href":"https:\/\/mizu-trip.com\/wp-json\/wp\/v2\/pages\/569\/revisions\/3393"}],"wp:attachment":[{"href":"https:\/\/mizu-trip.com\/wp-json\/wp\/v2\/media?parent=569"}],"curies":[{"name":"wp","href":"https:\/\/api.w.org\/{rel}","templated":true}]}}